{"id":12,"date":"2013-12-11T21:43:43","date_gmt":"2013-12-11T20:43:43","guid":{"rendered":"https:\/\/www.olielo.com\/?page_id=12"},"modified":"2019-05-25T18:26:28","modified_gmt":"2019-05-25T16:26:28","slug":"accueil","status":"publish","type":"page","link":"https:\/\/www.olielo.com\/fr\/","title":{"rendered":"Accueil"},"content":{"rendered":"<div class=\"builder-editor text-wrapper builder-item-wrapper\">\n<div class=\"builder-title-wrapper clearfix\">\n<h1 class=\"builder-item-title\">Bienvenue sur Olielo<\/h1>\n<\/div>\n<\/div>\n<p>Sur Olielo, vous trouverez de vraies reviews d&rsquo;h\u00f4tels de luxe. Si vous avez des difficult\u00e9s \u00e0 faire votre choix d&rsquo;h\u00f4tel pour votre prochain voyage, regardez notre s\u00e9lection unique. Paris, Las Vegas, Monaco, nous avons s\u00e9journ\u00e9 dans les plus beaux h\u00f4tels autour du monde et vous allez trouver ici nos avis d\u00e9taill\u00e9s!<\/p>\n<p>Sur Olielo, nous ne passons pas seulement en revue la partie h\u00e9bergement de l&rsquo;h\u00f4tel mais nous \u00e9valuons \u00e9galement tous les services disponibles tels que le restaurant, le bar ou encore le spa. D\u00e9couvrez ici notre exp\u00e9rience de A \u00e0 Z et faites votre choix gr\u00e2ce \u00e0 nos rapports tr\u00e8s pr\u00e9cis.<\/p>\n<p>Enfin, sur Olielo, vous trouverez plein de bons conseils et d&rsquo;id\u00e9es pour pr\u00e9parer votre prochain voyage gr\u00e2ce \u00e0 nos articles et nos guides sur les destinations.<\/p>\n<div class=\"builder-editor text-wrapper builder-item-wrapper\">\n<div class=\"builder-title-wrapper clearfix\">\n<h2 class=\"builder-item-title\">AVIS SUR LES H\u00d4TELS DE LUXE<\/h2>\n<\/div>\n<\/div>\n<div><div class=\"row r-index-1\"><a class=\"hotel-title\" href=\"https:\/\/www.olielo.com\/fr\/hotel-review\/hotel-beau-rivage-geneve-suite-celeste\/\"><div class=\"four columns\"><div class=\"banner-item\"><div class=\"banner-details\" style=\"width:300px; max-width:100%\"><h3 class=\"banner-title\">H\u00f4tel Beau-Rivage Gen\u00e8ve &#8211; Suite C\u00e9leste<\/h3><br \/><br \/><\/div><img loading=\"lazy\" decoding=\"async\" width=\"300\" height=\"200\" src=\"https:\/\/www.olielo.com\/wp-content\/uploads\/2019\/05\/le-beau-rivage-geneve-300x200.jpg\" class=\"attachment-medium size-medium wp-post-image\" alt=\"H\u00f4tel Beau-Rivage Gen\u00e8ve &#8211; Suite C\u00e9leste\" title=\"H\u00f4tel Beau-Rivage Gen\u00e8ve &#8211; Suite C\u00e9leste\" srcset=\"https:\/\/www.olielo.com\/wp-content\/uploads\/2019\/05\/le-beau-rivage-geneve-300x200.jpg 300w, https:\/\/www.olielo.com\/wp-content\/uploads\/2019\/05\/le-beau-rivage-geneve-768x512.jpg 768w, https:\/\/www.olielo.com\/wp-content\/uploads\/2019\/05\/le-beau-rivage-geneve-750x500.jpg 750w, https:\/\/www.olielo.com\/wp-content\/uploads\/2019\/05\/le-beau-rivage-geneve.jpg 900w\" sizes=\"auto, (max-width: 300px) 100vw, 300px\" \/><\/div><\/div><\/a><a class=\"hotel-title\" href=\"https:\/\/www.olielo.com\/fr\/hotel-review\/la-reserve-geneve-suite-lac\/\"><div class=\"four columns\"><div class=\"banner-item\"><div class=\"banner-details\" style=\"width:300px; max-width:100%\"><h3 class=\"banner-title\">La R\u00e9serve Gen\u00e8ve &#8211; Suite Lac<\/h3><br \/><br \/><\/div><img loading=\"lazy\" decoding=\"async\" width=\"300\" height=\"200\" src=\"https:\/\/www.olielo.com\/wp-content\/uploads\/2019\/05\/la-reserve-geneva-pool-300x200.jpg\" class=\"attachment-medium size-medium wp-post-image\" alt=\"La R\u00e9serve Gen\u00e8ve &#8211; Suite Lac\" title=\"La R\u00e9serve Gen\u00e8ve &#8211; Suite Lac\" srcset=\"https:\/\/www.olielo.com\/wp-content\/uploads\/2019\/05\/la-reserve-geneva-pool-300x200.jpg 300w, https:\/\/www.olielo.com\/wp-content\/uploads\/2019\/05\/la-reserve-geneva-pool-768x512.jpg 768w, https:\/\/www.olielo.com\/wp-content\/uploads\/2019\/05\/la-reserve-geneva-pool-750x500.jpg 750w, https:\/\/www.olielo.com\/wp-content\/uploads\/2019\/05\/la-reserve-geneva-pool.jpg 900w\" sizes=\"auto, (max-width: 300px) 100vw, 300px\" \/><\/div><\/div><\/a><a class=\"hotel-title\" href=\"https:\/\/www.olielo.com\/fr\/hotel-review\/therasia-resort-sea-spa-chambre-classique\/\"><div class=\"four columns\"><div class=\"banner-item\"><div class=\"banner-details\" style=\"width:300px; max-width:100%\"><h3 class=\"banner-title\">Therasia Resort Sea &#038; Spa &#8211; Chambre Classique<\/h3><br \/><br \/><\/div><img loading=\"lazy\" decoding=\"async\" width=\"300\" height=\"200\" src=\"https:\/\/www.olielo.com\/wp-content\/uploads\/2016\/06\/Therasia-Resort-Sunset-view-300x200.jpg\" class=\"attachment-medium size-medium wp-post-image\" alt=\"Therasia Resort Sea &#038; Spa &#8211; Chambre Classique\" title=\"Therasia Resort Sea &#038; Spa &#8211; Chambre Classique\" srcset=\"https:\/\/www.olielo.com\/wp-content\/uploads\/2016\/06\/Therasia-Resort-Sunset-view-300x200.jpg 300w, https:\/\/www.olielo.com\/wp-content\/uploads\/2016\/06\/Therasia-Resort-Sunset-view-1024x683.jpg 1024w, https:\/\/www.olielo.com\/wp-content\/uploads\/2016\/06\/Therasia-Resort-Sunset-view-610x407.jpg 610w, https:\/\/www.olielo.com\/wp-content\/uploads\/2016\/06\/Therasia-Resort-Sunset-view-750x500.jpg 750w, https:\/\/www.olielo.com\/wp-content\/uploads\/2016\/06\/Therasia-Resort-Sunset-view.jpg 1200w\" sizes=\"auto, (max-width: 300px) 100vw, 300px\" \/><\/div><\/div><\/a><\/div><\/div>\n<div class=\"builder-editor text-wrapper builder-item-wrapper\">\n<div class=\"builder-title-wrapper clearfix\">\n<h2 class=\"builder-item-title\">AVIS SUR LES SPAS<\/h2>\n<\/div>\n<\/div>\n<div><div class=\"row r-index-1\"><a class=\"hotel-title\" href=\"https:\/\/www.olielo.com\/fr\/spa-nescens-la-reserve-geneve\/\"><div class=\"four columns\"><div class=\"banner-item\"><div class=\"banner-details\" style=\"width:300px; max-width:100%\"><h3 class=\"banner-title\">Spa Nescens &#8211; La R\u00e9serve Gen\u00e8ve<\/h3><br \/><br \/><\/div><img loading=\"lazy\" decoding=\"async\" width=\"300\" height=\"200\" src=\"https:\/\/www.olielo.com\/wp-content\/uploads\/2019\/05\/spa-la-reserve-geneve-300x200.jpg\" class=\"attachment-medium size-medium wp-post-image\" alt=\"Spa Nescens &#8211; La R\u00e9serve Gen\u00e8ve\" title=\"Spa Nescens &#8211; La R\u00e9serve Gen\u00e8ve\" srcset=\"https:\/\/www.olielo.com\/wp-content\/uploads\/2019\/05\/spa-la-reserve-geneve-300x200.jpg 300w, https:\/\/www.olielo.com\/wp-content\/uploads\/2019\/05\/spa-la-reserve-geneve-768x512.jpg 768w, https:\/\/www.olielo.com\/wp-content\/uploads\/2019\/05\/spa-la-reserve-geneve-750x500.jpg 750w, https:\/\/www.olielo.com\/wp-content\/uploads\/2019\/05\/spa-la-reserve-geneve.jpg 900w\" sizes=\"auto, (max-width: 300px) 100vw, 300px\" \/><\/div><\/div><\/a><a class=\"hotel-title\" href=\"https:\/\/www.olielo.com\/fr\/le-spa-du-mandarin-oriental-paris\/\"><div class=\"four columns\"><div class=\"banner-item\"><div class=\"banner-details\" style=\"width:300px; max-width:100%\"><h3 class=\"banner-title\">Le Spa de l&rsquo;h\u00f4tel Mandarin Oriental Paris<\/h3><br \/><br \/><\/div><img loading=\"lazy\" decoding=\"async\" width=\"300\" height=\"200\" src=\"https:\/\/www.olielo.com\/wp-content\/uploads\/2016\/03\/Mandarin-Oriental-Paris-Spa-pool-300x200.jpg\" class=\"attachment-medium size-medium wp-post-image\" alt=\"Le Spa de l&rsquo;h\u00f4tel Mandarin Oriental Paris\" title=\"Le Spa de l&rsquo;h\u00f4tel Mandarin Oriental Paris\" srcset=\"https:\/\/www.olielo.com\/wp-content\/uploads\/2016\/03\/Mandarin-Oriental-Paris-Spa-pool-300x200.jpg 300w, https:\/\/www.olielo.com\/wp-content\/uploads\/2016\/03\/Mandarin-Oriental-Paris-Spa-pool-610x407.jpg 610w, https:\/\/www.olielo.com\/wp-content\/uploads\/2016\/03\/Mandarin-Oriental-Paris-Spa-pool-750x500.jpg 750w, https:\/\/www.olielo.com\/wp-content\/uploads\/2016\/03\/Mandarin-Oriental-Paris-Spa-pool.jpg 900w\" sizes=\"auto, (max-width: 300px) 100vw, 300px\" \/><\/div><\/div><\/a><a class=\"hotel-title\" href=\"https:\/\/www.olielo.com\/fr\/talise-ottoman-spa-jumeirah-zabeel-saray\/\"><div class=\"four columns\"><div class=\"banner-item\"><div class=\"banner-details\" style=\"width:300px; max-width:100%\"><h3 class=\"banner-title\">Talise Ottoman Spa &#8211; Jumeirah Zabeel Saray<\/h3><br \/><br \/><\/div><img loading=\"lazy\" decoding=\"async\" width=\"300\" height=\"200\" src=\"https:\/\/www.olielo.com\/wp-content\/uploads\/2015\/03\/Jumeirah-Zabeel-Saray-Dubai-lobby-300x200.jpg\" class=\"attachment-medium size-medium wp-post-image\" alt=\"Talise Ottoman Spa &#8211; Jumeirah Zabeel Saray\" title=\"Talise Ottoman Spa &#8211; Jumeirah Zabeel Saray\" srcset=\"https:\/\/www.olielo.com\/wp-content\/uploads\/2015\/03\/Jumeirah-Zabeel-Saray-Dubai-lobby-300x200.jpg 300w, https:\/\/www.olielo.com\/wp-content\/uploads\/2015\/03\/Jumeirah-Zabeel-Saray-Dubai-lobby.jpg 750w\" sizes=\"auto, (max-width: 300px) 100vw, 300px\" \/><\/div><\/div><\/a><\/div><\/div>\n<div class=\"builder-editor text-wrapper builder-item-wrapper\">\n<div class=\"builder-title-wrapper clearfix\">\n<h2 class=\"builder-item-title\">AVIS et actualit\u00e9s sur les restaurants<\/h2>\n<\/div>\n<\/div>\n<div><div class=\"row r-index-1\"><a class=\"hotel-title\" href=\"https:\/\/www.olielo.com\/fr\/le-celadon-au-westminster-paris\/\"><div class=\"four columns\"><div class=\"banner-item\"><div class=\"banner-details\" style=\"width:300px; max-width:100%\"><h3 class=\"banner-title\">Le C\u00e9ladon, restaurant gastronomique de l&rsquo;h\u00f4tel Westminster Paris<\/h3><br \/><br \/><\/div><img loading=\"lazy\" decoding=\"async\" width=\"300\" height=\"200\" src=\"https:\/\/www.olielo.com\/wp-content\/uploads\/2015\/04\/French-medaillon-chair-300x200.jpg\" class=\"attachment-medium size-medium wp-post-image\" alt=\"Le C\u00e9ladon, restaurant gastronomique de l&rsquo;h\u00f4tel Westminster Paris\" title=\"Le C\u00e9ladon, restaurant gastronomique de l&rsquo;h\u00f4tel Westminster Paris\" srcset=\"https:\/\/www.olielo.com\/wp-content\/uploads\/2015\/04\/French-medaillon-chair-300x200.jpg 300w, https:\/\/www.olielo.com\/wp-content\/uploads\/2015\/04\/French-medaillon-chair.jpg 750w\" sizes=\"auto, (max-width: 300px) 100vw, 300px\" \/><\/div><\/div><\/a><a class=\"hotel-title\" href=\"https:\/\/www.olielo.com\/fr\/diner-a-la-bauhinia-shangri-la-paris\/\"><div class=\"four columns\"><div class=\"banner-item\"><div class=\"banner-details\" style=\"width:300px; max-width:100%\"><h3 class=\"banner-title\">D\u00eener \u00e0 La Bauhinia &#8211; Shangri-La Paris<\/h3><br \/><br \/><\/div><img loading=\"lazy\" decoding=\"async\" width=\"300\" height=\"200\" src=\"https:\/\/www.olielo.com\/wp-content\/uploads\/2013\/12\/La-Bauhinia-Restaurant-Shangri-La-Paris-300x200.jpg\" class=\"attachment-medium size-medium wp-post-image\" alt=\"D\u00eener \u00e0 La Bauhinia &#8211; Shangri-La Paris\" title=\"D\u00eener \u00e0 La Bauhinia &#8211; Shangri-La Paris\" srcset=\"https:\/\/www.olielo.com\/wp-content\/uploads\/2013\/12\/La-Bauhinia-Restaurant-Shangri-La-Paris-300x200.jpg 300w, https:\/\/www.olielo.com\/wp-content\/uploads\/2013\/12\/La-Bauhinia-Restaurant-Shangri-La-Paris-1024x682.jpg 1024w, https:\/\/www.olielo.com\/wp-content\/uploads\/2013\/12\/La-Bauhinia-Restaurant-Shangri-La-Paris-750x500.jpg 750w, https:\/\/www.olielo.com\/wp-content\/uploads\/2013\/12\/La-Bauhinia-Restaurant-Shangri-La-Paris.jpg 1200w\" sizes=\"auto, (max-width: 300px) 100vw, 300px\" \/><\/div><\/div><\/a><a class=\"hotel-title\" href=\"https:\/\/www.olielo.com\/fr\/le-gouter-de-christophe-michalak-du-plaza-athenee-paris\/\"><div class=\"four columns\"><div class=\"banner-item\"><div class=\"banner-details\" style=\"width:300px; max-width:100%\"><h3 class=\"banner-title\">Le Go\u00fbter de Christophe Michalak au Plaza Ath\u00e9n\u00e9e Paris<\/h3><br \/><br \/><\/div><img loading=\"lazy\" decoding=\"async\" width=\"300\" height=\"200\" src=\"https:\/\/www.olielo.com\/wp-content\/uploads\/2015\/03\/HPA-Lobby-c-Jacques-Pepion-Plaza-Athenee-Paris-300x200.jpg\" class=\"attachment-medium size-medium wp-post-image\" alt=\"Le Go\u00fbter de Christophe Michalak au Plaza Ath\u00e9n\u00e9e Paris\" title=\"Le Go\u00fbter de Christophe Michalak au Plaza Ath\u00e9n\u00e9e Paris\" srcset=\"https:\/\/www.olielo.com\/wp-content\/uploads\/2015\/03\/HPA-Lobby-c-Jacques-Pepion-Plaza-Athenee-Paris-300x200.jpg 300w, https:\/\/www.olielo.com\/wp-content\/uploads\/2015\/03\/HPA-Lobby-c-Jacques-Pepion-Plaza-Athenee-Paris.jpg 750w\" sizes=\"auto, (max-width: 300px) 100vw, 300px\" \/><\/div><\/div><\/a><\/div><\/div>\n<div class=\"builder-editor text-wrapper builder-item-wrapper\">\n<div class=\"builder-title-wrapper clearfix\">\n<h2 class=\"builder-item-title\">H\u00d4TELS DE LUXE<\/h2>\n<\/div>\n<\/div>\n<div><div class=\"row r-index-1\"><a class=\"hotel-title\" href=\"https:\/\/www.olielo.com\/fr\/hotel\/sofitel-paris-le-faubourg\/\"><div class=\"four columns\"><div class=\"banner-item\"><div class=\"banner-details\" style=\"width:300px; max-width:100%\"><h3 class=\"banner-title\">Sofitel Paris Le Faubourg<\/h3><br \/><br \/><\/div><img loading=\"lazy\" decoding=\"async\" width=\"300\" height=\"200\" src=\"https:\/\/www.olielo.com\/wp-content\/uploads\/2018\/12\/Sofitel-Paris-Le-Faubourg-Lobby-300x200.jpg\" class=\"attachment-medium size-medium wp-post-image\" alt=\"Sofitel Paris Le Faubourg\" title=\"Sofitel Paris Le Faubourg\" srcset=\"https:\/\/www.olielo.com\/wp-content\/uploads\/2018\/12\/Sofitel-Paris-Le-Faubourg-Lobby-300x200.jpg 300w, https:\/\/www.olielo.com\/wp-content\/uploads\/2018\/12\/Sofitel-Paris-Le-Faubourg-Lobby-610x407.jpg 610w, https:\/\/www.olielo.com\/wp-content\/uploads\/2018\/12\/Sofitel-Paris-Le-Faubourg-Lobby.jpg 750w\" sizes=\"auto, (max-width: 300px) 100vw, 300px\" \/><\/div><\/div><\/a><a class=\"hotel-title\" href=\"https:\/\/www.olielo.com\/fr\/hotel\/w-paris-opera\/\"><div class=\"four columns\"><div class=\"banner-item\"><div class=\"banner-details\" style=\"width:300px; max-width:100%\"><h3 class=\"banner-title\">W Paris Op\u00e9ra<\/h3><br \/><br \/><\/div><img loading=\"lazy\" decoding=\"async\" width=\"300\" height=\"200\" src=\"https:\/\/www.olielo.com\/wp-content\/uploads\/2018\/12\/W-Paris-Opera-Hotel-300x200.jpg\" class=\"attachment-medium size-medium wp-post-image\" alt=\"W Paris Op\u00e9ra\" title=\"W Paris Op\u00e9ra\" srcset=\"https:\/\/www.olielo.com\/wp-content\/uploads\/2018\/12\/W-Paris-Opera-Hotel-300x200.jpg 300w, https:\/\/www.olielo.com\/wp-content\/uploads\/2018\/12\/W-Paris-Opera-Hotel-610x407.jpg 610w, https:\/\/www.olielo.com\/wp-content\/uploads\/2018\/12\/W-Paris-Opera-Hotel.jpg 750w\" sizes=\"auto, (max-width: 300px) 100vw, 300px\" \/><\/div><\/div><\/a><a class=\"hotel-title\" href=\"https:\/\/www.olielo.com\/fr\/hotel\/st-regis-maurice-resort\/\"><div class=\"four columns\"><div class=\"banner-item\"><div class=\"banner-details\" style=\"width:300px; max-width:100%\"><h3 class=\"banner-title\">St. Regis Maurice Resort<\/h3><br \/><br \/><\/div><img loading=\"lazy\" decoding=\"async\" width=\"300\" height=\"200\" src=\"https:\/\/www.olielo.com\/wp-content\/uploads\/2016\/02\/St-Regis-Mauritius-Aerial-view-of-Le-Morne-Peninsula-300x200.jpg\" class=\"attachment-medium size-medium wp-post-image\" alt=\"St. Regis Maurice Resort\" title=\"St. Regis Maurice Resort\" srcset=\"https:\/\/www.olielo.com\/wp-content\/uploads\/2016\/02\/St-Regis-Mauritius-Aerial-view-of-Le-Morne-Peninsula-300x200.jpg 300w, https:\/\/www.olielo.com\/wp-content\/uploads\/2016\/02\/St-Regis-Mauritius-Aerial-view-of-Le-Morne-Peninsula-610x407.jpg 610w, https:\/\/www.olielo.com\/wp-content\/uploads\/2016\/02\/St-Regis-Mauritius-Aerial-view-of-Le-Morne-Peninsula.jpg 750w\" sizes=\"auto, (max-width: 300px) 100vw, 300px\" \/><\/div><\/div><\/a><\/div><\/div>\n<div class=\"builder-editor text-wrapper builder-item-wrapper\">\n<div class=\"builder-title-wrapper clearfix\">\n<h2 class=\"builder-item-title\">ACTUALITES SUR LES VOYAGES DE LUXE<\/h2>\n<\/div>\n<\/div>\n<div><div class=\"row r-index-1\"><a class=\"hotel-title\" href=\"https:\/\/www.olielo.com\/fr\/les-bracelets-freywille\/\"><div class=\"four columns\"><div class=\"banner-item\"><div class=\"banner-details\" style=\"width:300px; max-width:100%\"><h3 class=\"banner-title\">Les bracelets FreyWille<\/h3><br \/><br \/><\/div><img loading=\"lazy\" decoding=\"async\" width=\"300\" height=\"200\" src=\"https:\/\/www.olielo.com\/wp-content\/uploads\/2016\/12\/FreyWille-Egypt-Bangle-300x200.jpg\" class=\"attachment-medium size-medium wp-post-image\" alt=\"Les bracelets FreyWille\" title=\"Les bracelets FreyWille\" srcset=\"https:\/\/www.olielo.com\/wp-content\/uploads\/2016\/12\/FreyWille-Egypt-Bangle-300x200.jpg 300w, https:\/\/www.olielo.com\/wp-content\/uploads\/2016\/12\/FreyWille-Egypt-Bangle-768x512.jpg 768w, https:\/\/www.olielo.com\/wp-content\/uploads\/2016\/12\/FreyWille-Egypt-Bangle-610x407.jpg 610w, https:\/\/www.olielo.com\/wp-content\/uploads\/2016\/12\/FreyWille-Egypt-Bangle-750x500.jpg 750w, https:\/\/www.olielo.com\/wp-content\/uploads\/2016\/12\/FreyWille-Egypt-Bangle.jpg 900w\" sizes=\"auto, (max-width: 300px) 100vw, 300px\" \/><\/div><\/div><\/a><a class=\"hotel-title\" href=\"https:\/\/www.olielo.com\/fr\/avis-sur-les-hotels-de-luxe-avril-2016\/\"><div class=\"four columns\"><div class=\"banner-item\"><div class=\"banner-details\" style=\"width:300px; max-width:100%\"><h3 class=\"banner-title\">Avis sur les h\u00f4tels de luxe &#8211; Notre s\u00e9lection d&rsquo;Avril 2016<\/h3><br \/><br \/><\/div><img loading=\"lazy\" decoding=\"async\" width=\"300\" height=\"200\" src=\"https:\/\/www.olielo.com\/wp-content\/uploads\/2016\/04\/Luxury-hotel-reviews-300x200.jpg\" class=\"attachment-medium size-medium wp-post-image\" alt=\"Avis sur les h\u00f4tels de luxe &#8211; Notre s\u00e9lection d&rsquo;Avril 2016\" title=\"Avis sur les h\u00f4tels de luxe &#8211; Notre s\u00e9lection d&rsquo;Avril 2016\" srcset=\"https:\/\/www.olielo.com\/wp-content\/uploads\/2016\/04\/Luxury-hotel-reviews-300x200.jpg 300w, https:\/\/www.olielo.com\/wp-content\/uploads\/2016\/04\/Luxury-hotel-reviews-610x407.jpg 610w, https:\/\/www.olielo.com\/wp-content\/uploads\/2016\/04\/Luxury-hotel-reviews-750x500.jpg 750w, https:\/\/www.olielo.com\/wp-content\/uploads\/2016\/04\/Luxury-hotel-reviews.jpg 900w\" sizes=\"auto, (max-width: 300px) 100vw, 300px\" \/><\/div><\/div><\/a><a class=\"hotel-title\" href=\"https:\/\/www.olielo.com\/fr\/meteo-dubai\/\"><div class=\"four columns\"><div class=\"banner-item\"><div class=\"banner-details\" style=\"width:300px; max-width:100%\"><h3 class=\"banner-title\">La meilleure p\u00e9riode pour visiter Duba\u00ef<\/h3><br \/><br \/><\/div><img loading=\"lazy\" decoding=\"async\" width=\"300\" height=\"200\" src=\"https:\/\/www.olielo.com\/wp-content\/uploads\/2015\/04\/Royal-Mirage-Dubai-The-Palace-Grand-Pool-300x200.jpg\" class=\"attachment-medium size-medium wp-post-image\" alt=\"La meilleure p\u00e9riode pour visiter Duba\u00ef\" title=\"La meilleure p\u00e9riode pour visiter Duba\u00ef\" srcset=\"https:\/\/www.olielo.com\/wp-content\/uploads\/2015\/04\/Royal-Mirage-Dubai-The-Palace-Grand-Pool-300x200.jpg 300w, https:\/\/www.olielo.com\/wp-content\/uploads\/2015\/04\/Royal-Mirage-Dubai-The-Palace-Grand-Pool.jpg 750w\" sizes=\"auto, (max-width: 300px) 100vw, 300px\" \/><\/div><\/div><\/a><\/div><\/div>\n","protected":false},"excerpt":{"rendered":"<p>Bienvenue sur Olielo Sur Olielo, vous trouverez de vraies reviews d&rsquo;h\u00f4tels de luxe. Si vous avez des difficult\u00e9s \u00e0 faire votre choix d&rsquo;h\u00f4tel pour votre prochain voyage, regardez notre s\u00e9lection unique. Paris, Las Vegas, Monaco, nous avons s\u00e9journ\u00e9 dans les plus beaux h\u00f4tels autour du monde et vous allez trouver ici nos avis d\u00e9taill\u00e9s! Sur Olielo, nous ne passons pas seulement en revue la partie h\u00e9bergement de l&rsquo;h\u00f4tel mais nous&#8230;<\/p>\n","protected":false},"author":1,"featured_media":0,"parent":0,"menu_order":0,"comment_status":"closed","ping_status":"open","template":"","meta":{"_monsterinsights_skip_tracking":false,"_monsterinsights_sitenote_active":false,"_monsterinsights_sitenote_note":"","_monsterinsights_sitenote_category":0,"footnotes":""},"class_list":["post-12","page","type-page","status-publish","hentry"],"yoast_head":"<!-- This site is optimized with the Yoast SEO plugin v24.8.1 - https:\/\/yoast.com\/wordpress\/plugins\/seo\/ -->\n<title>Avis sur les h\u00f4tels de luxe - Olielo<\/title>\n<meta name=\"description\" content=\"Avis de qualit\u00e9 sur les h\u00f4tels de luxe, photos et carnets de voyage sur des lieux d&#039;exception.\" \/>\n<meta name=\"robots\" content=\"index, follow, max-snippet:-1, max-image-preview:large, max-video-preview:-1\" \/>\n<link rel=\"canonical\" href=\"https:\/\/www.olielo.com\/fr\/\" \/>\n<meta property=\"og:locale\" content=\"fr_FR\" \/>\n<meta property=\"og:type\" content=\"article\" \/>\n<meta property=\"og:title\" content=\"Avis sur les h\u00f4tels de luxe - Olielo\" \/>\n<meta property=\"og:description\" content=\"Avis de qualit\u00e9 sur les h\u00f4tels de luxe, photos et carnets de voyage sur des lieux d&#039;exception.\" \/>\n<meta property=\"og:url\" content=\"https:\/\/www.olielo.com\/fr\/\" \/>\n<meta property=\"og:site_name\" content=\"Olielo\" \/>\n<meta property=\"article:publisher\" content=\"https:\/\/www.facebook.com\/olielotravels\" \/>\n<meta property=\"article:modified_time\" content=\"2019-05-25T16:26:28+00:00\" \/>\n<meta name=\"twitter:card\" content=\"summary_large_image\" \/>\n<meta name=\"twitter:site\" content=\"@olielo_travels\" \/>\n<meta name=\"twitter:label1\" content=\"Dur\u00e9e de lecture estim\u00e9e\" \/>\n\t<meta name=\"twitter:data1\" content=\"1 minute\" \/>\n<script type=\"application\/ld+json\" class=\"yoast-schema-graph\">{\"@context\":\"https:\/\/schema.org\",\"@graph\":[{\"@type\":\"WebPage\",\"@id\":\"https:\/\/www.olielo.com\/fr\/\",\"url\":\"https:\/\/www.olielo.com\/fr\/\",\"name\":\"Avis sur les h\u00f4tels de luxe - Olielo\",\"isPartOf\":{\"@id\":\"https:\/\/www.olielo.com\/fr\/#website\"},\"datePublished\":\"2013-12-11T20:43:43+00:00\",\"dateModified\":\"2019-05-25T16:26:28+00:00\",\"description\":\"Avis de qualit\u00e9 sur les h\u00f4tels de luxe, photos et carnets de voyage sur des lieux d'exception.\",\"breadcrumb\":{\"@id\":\"https:\/\/www.olielo.com\/fr\/#breadcrumb\"},\"inLanguage\":\"fr-FR\",\"potentialAction\":[{\"@type\":\"ReadAction\",\"target\":[\"https:\/\/www.olielo.com\/fr\/\"]}]},{\"@type\":\"BreadcrumbList\",\"@id\":\"https:\/\/www.olielo.com\/fr\/#breadcrumb\",\"itemListElement\":[{\"@type\":\"ListItem\",\"position\":1,\"name\":\"Home\",\"item\":\"https:\/\/www.olielo.com\/fr\/\"},{\"@type\":\"ListItem\",\"position\":2,\"name\":\"Accueil\"}]},{\"@type\":\"WebSite\",\"@id\":\"https:\/\/www.olielo.com\/fr\/#website\",\"url\":\"https:\/\/www.olielo.com\/fr\/\",\"name\":\"Olielo\",\"description\":\"\",\"publisher\":{\"@id\":\"https:\/\/www.olielo.com\/fr\/#organization\"},\"potentialAction\":[{\"@type\":\"SearchAction\",\"target\":{\"@type\":\"EntryPoint\",\"urlTemplate\":\"https:\/\/www.olielo.com\/fr\/?s={search_term_string}\"},\"query-input\":{\"@type\":\"PropertyValueSpecification\",\"valueRequired\":true,\"valueName\":\"search_term_string\"}}],\"inLanguage\":\"fr-FR\"},{\"@type\":\"Organization\",\"@id\":\"https:\/\/www.olielo.com\/fr\/#organization\",\"name\":\"Olielo\",\"url\":\"https:\/\/www.olielo.com\/fr\/\",\"logo\":{\"@type\":\"ImageObject\",\"inLanguage\":\"fr-FR\",\"@id\":\"https:\/\/www.olielo.com\/fr\/#\/schema\/logo\/image\/\",\"url\":\"https:\/\/www.olielo.com\/wp-content\/uploads\/2014\/11\/logo.png\",\"contentUrl\":\"https:\/\/www.olielo.com\/wp-content\/uploads\/2014\/11\/logo.png\",\"width\":172,\"height\":90,\"caption\":\"Olielo\"},\"image\":{\"@id\":\"https:\/\/www.olielo.com\/fr\/#\/schema\/logo\/image\/\"},\"sameAs\":[\"https:\/\/www.facebook.com\/olielotravels\",\"https:\/\/x.com\/olielo_travels\"]}]}<\/script>\n<!-- \/ Yoast SEO plugin. -->","yoast_head_json":{"title":"Avis sur les h\u00f4tels de luxe - Olielo","description":"Avis de qualit\u00e9 sur les h\u00f4tels de luxe, photos et carnets de voyage sur des lieux d'exception.","robots":{"index":"index","follow":"follow","max-snippet":"max-snippet:-1","max-image-preview":"max-image-preview:large","max-video-preview":"max-video-preview:-1"},"canonical":"https:\/\/www.olielo.com\/fr\/","og_locale":"fr_FR","og_type":"article","og_title":"Avis sur les h\u00f4tels de luxe - Olielo","og_description":"Avis de qualit\u00e9 sur les h\u00f4tels de luxe, photos et carnets de voyage sur des lieux d'exception.","og_url":"https:\/\/www.olielo.com\/fr\/","og_site_name":"Olielo","article_publisher":"https:\/\/www.facebook.com\/olielotravels","article_modified_time":"2019-05-25T16:26:28+00:00","twitter_card":"summary_large_image","twitter_site":"@olielo_travels","twitter_misc":{"Dur\u00e9e de lecture estim\u00e9e":"1 minute"},"schema":{"@context":"https:\/\/schema.org","@graph":[{"@type":"WebPage","@id":"https:\/\/www.olielo.com\/fr\/","url":"https:\/\/www.olielo.com\/fr\/","name":"Avis sur les h\u00f4tels de luxe - Olielo","isPartOf":{"@id":"https:\/\/www.olielo.com\/fr\/#website"},"datePublished":"2013-12-11T20:43:43+00:00","dateModified":"2019-05-25T16:26:28+00:00","description":"Avis de qualit\u00e9 sur les h\u00f4tels de luxe, photos et carnets de voyage sur des lieux d'exception.","breadcrumb":{"@id":"https:\/\/www.olielo.com\/fr\/#breadcrumb"},"inLanguage":"fr-FR","potentialAction":[{"@type":"ReadAction","target":["https:\/\/www.olielo.com\/fr\/"]}]},{"@type":"BreadcrumbList","@id":"https:\/\/www.olielo.com\/fr\/#breadcrumb","itemListElement":[{"@type":"ListItem","position":1,"name":"Home","item":"https:\/\/www.olielo.com\/fr\/"},{"@type":"ListItem","position":2,"name":"Accueil"}]},{"@type":"WebSite","@id":"https:\/\/www.olielo.com\/fr\/#website","url":"https:\/\/www.olielo.com\/fr\/","name":"Olielo","description":"","publisher":{"@id":"https:\/\/www.olielo.com\/fr\/#organization"},"potentialAction":[{"@type":"SearchAction","target":{"@type":"EntryPoint","urlTemplate":"https:\/\/www.olielo.com\/fr\/?s={search_term_string}"},"query-input":{"@type":"PropertyValueSpecification","valueRequired":true,"valueName":"search_term_string"}}],"inLanguage":"fr-FR"},{"@type":"Organization","@id":"https:\/\/www.olielo.com\/fr\/#organization","name":"Olielo","url":"https:\/\/www.olielo.com\/fr\/","logo":{"@type":"ImageObject","inLanguage":"fr-FR","@id":"https:\/\/www.olielo.com\/fr\/#\/schema\/logo\/image\/","url":"https:\/\/www.olielo.com\/wp-content\/uploads\/2014\/11\/logo.png","contentUrl":"https:\/\/www.olielo.com\/wp-content\/uploads\/2014\/11\/logo.png","width":172,"height":90,"caption":"Olielo"},"image":{"@id":"https:\/\/www.olielo.com\/fr\/#\/schema\/logo\/image\/"},"sameAs":["https:\/\/www.facebook.com\/olielotravels","https:\/\/x.com\/olielo_travels"]}]}},"_links":{"self":[{"href":"https:\/\/www.olielo.com\/fr\/wp-json\/wp\/v2\/pages\/12","targetHints":{"allow":["GET"]}}],"collection":[{"href":"https:\/\/www.olielo.com\/fr\/wp-json\/wp\/v2\/pages"}],"about":[{"href":"https:\/\/www.olielo.com\/fr\/wp-json\/wp\/v2\/types\/page"}],"author":[{"embeddable":true,"href":"https:\/\/www.olielo.com\/fr\/wp-json\/wp\/v2\/users\/1"}],"replies":[{"embeddable":true,"href":"https:\/\/www.olielo.com\/fr\/wp-json\/wp\/v2\/comments?post=12"}],"version-history":[{"count":0,"href":"https:\/\/www.olielo.com\/fr\/wp-json\/wp\/v2\/pages\/12\/revisions"}],"wp:attachment":[{"href":"https:\/\/www.olielo.com\/fr\/wp-json\/wp\/v2\/media?parent=12"}],"curies":[{"name":"wp","href":"https:\/\/api.w.org\/{rel}","templated":true}]}}